{"id":506,"date":"2023-05-24T13:21:31","date_gmt":"2023-05-24T12:21:31","guid":{"rendered":"https:\/\/2023.lifestyle-wine-congress.com\/program\/"},"modified":"2023-06-12T20:43:44","modified_gmt":"2023-06-12T19:43:44","slug":"programa","status":"publish","type":"page","link":"https:\/\/2023.lifestyle-wine-congress.com\/es\/programa\/","title":{"rendered":"Programa"},"content":{"rendered":"","protected":false},"excerpt":{"rendered":"","protected":false},"author":1,"featured_media":0,"parent":0,"menu_order":0,"comment_status":"closed","ping_status":"closed","template":"src\/pages-templates\/page.php","meta":{"footnotes":""},"class_list":["post-506","page","type-page","status-publish","hentry"],"acf":[],"yoast_head":"<!-- This site is optimized with the Yoast SEO plugin v20.10 - https:\/\/yoast.com\/wordpress\/plugins\/seo\/ -->\n<title>Programa - Congreso Cient\u00edfico Internacional<\/title>\n<meta name=\"description\" content=\"Este congreso de categor\u00eda mundial reunir\u00e1 a cient\u00edficos internacionales y presentar\u00e1 las \u00faltimas investigaciones sobre los beneficios de un estilo de vida saludable.\" \/>\n<meta name=\"robots\" content=\"index, follow, max-snippet:-1, max-image-preview:large, max-video-preview:-1\" \/>\n<link rel=\"canonical\" href=\"https:\/\/2023.lifestyle-wine-congress.com\/es\/programa\/\" \/>\n<meta property=\"og:locale\" content=\"es_ES\" \/>\n<meta property=\"og:type\" content=\"article\" \/>\n<meta property=\"og:title\" content=\"Programa - Congreso Cient\u00edfico Internacional\" \/>\n<meta property=\"og:description\" content=\"Este congreso de categor\u00eda mundial reunir\u00e1 a cient\u00edficos internacionales y presentar\u00e1 las \u00faltimas investigaciones sobre los beneficios de un estilo de vida saludable.\" \/>\n<meta property=\"og:url\" content=\"https:\/\/2023.lifestyle-wine-congress.com\/es\/programa\/\" \/>\n<meta property=\"og:site_name\" content=\"Lifestyle Wine 2023\" \/>\n<meta property=\"article:modified_time\" content=\"2023-06-12T19:43:44+00:00\" \/>\n<meta property=\"og:image\" content=\"https:\/\/2023.lifestyle-wine-congress.com\/wp-content\/uploads\/2023\/04\/lifestyle-diet-wine-health-share.jpg\" \/>\n\t<meta property=\"og:image:width\" content=\"1200\" \/>\n\t<meta property=\"og:image:height\" content=\"630\" \/>\n\t<meta property=\"og:image:type\" content=\"image\/jpeg\" \/>\n<meta name=\"twitter:card\" content=\"summary_large_image\" \/>\n<meta name=\"twitter:site\" content=\"@WineDietHealth\" \/>\n<script type=\"application\/ld+json\" class=\"yoast-schema-graph\">{\"@context\":\"https:\/\/schema.org\",\"@graph\":[{\"@type\":\"WebPage\",\"@id\":\"https:\/\/2023.lifestyle-wine-congress.com\/es\/programa\/\",\"url\":\"https:\/\/2023.lifestyle-wine-congress.com\/es\/programa\/\",\"name\":\"Programa - Congreso Cient\u00edfico Internacional\",\"isPartOf\":{\"@id\":\"https:\/\/2023.lifestyle-wine-congress.com\/es\/#website\"},\"datePublished\":\"2023-05-24T12:21:31+00:00\",\"dateModified\":\"2023-06-12T19:43:44+00:00\",\"description\":\"Este congreso de categor\u00eda mundial reunir\u00e1 a cient\u00edficos internacionales y presentar\u00e1 las \u00faltimas investigaciones sobre los beneficios de un estilo de vida saludable.\",\"inLanguage\":\"es\",\"potentialAction\":[{\"@type\":\"ReadAction\",\"target\":[\"https:\/\/2023.lifestyle-wine-congress.com\/es\/programa\/\"]}]},{\"@type\":\"WebSite\",\"@id\":\"https:\/\/2023.lifestyle-wine-congress.com\/es\/#website\",\"url\":\"https:\/\/2023.lifestyle-wine-congress.com\/es\/\",\"name\":\"Lifestyle Wine 2023\",\"description\":\"Lifestyle and Wine\",\"potentialAction\":[{\"@type\":\"SearchAction\",\"target\":{\"@type\":\"EntryPoint\",\"urlTemplate\":\"https:\/\/2023.lifestyle-wine-congress.com\/es\/?s={search_term_string}\"},\"query-input\":\"required name=search_term_string\"}],\"inLanguage\":\"es\"}]}<\/script>\n<!-- \/ Yoast SEO plugin. -->","yoast_head_json":{"title":"Programa - Congreso Cient\u00edfico Internacional","description":"Este congreso de categor\u00eda mundial reunir\u00e1 a cient\u00edficos internacionales y presentar\u00e1 las \u00faltimas investigaciones sobre los beneficios de un estilo de vida saludable.","robots":{"index":"index","follow":"follow","max-snippet":"max-snippet:-1","max-image-preview":"max-image-preview:large","max-video-preview":"max-video-preview:-1"},"canonical":"https:\/\/2023.lifestyle-wine-congress.com\/es\/programa\/","og_locale":"es_ES","og_type":"article","og_title":"Programa - Congreso Cient\u00edfico Internacional","og_description":"Este congreso de categor\u00eda mundial reunir\u00e1 a cient\u00edficos internacionales y presentar\u00e1 las \u00faltimas investigaciones sobre los beneficios de un estilo de vida saludable.","og_url":"https:\/\/2023.lifestyle-wine-congress.com\/es\/programa\/","og_site_name":"Lifestyle Wine 2023","article_modified_time":"2023-06-12T19:43:44+00:00","og_image":[{"width":1200,"height":630,"url":"https:\/\/2023.lifestyle-wine-congress.com\/wp-content\/uploads\/2023\/04\/lifestyle-diet-wine-health-share.jpg","type":"image\/jpeg"}],"twitter_card":"summary_large_image","twitter_site":"@WineDietHealth","schema":{"@context":"https:\/\/schema.org","@graph":[{"@type":"WebPage","@id":"https:\/\/2023.lifestyle-wine-congress.com\/es\/programa\/","url":"https:\/\/2023.lifestyle-wine-congress.com\/es\/programa\/","name":"Programa - Congreso Cient\u00edfico Internacional","isPartOf":{"@id":"https:\/\/2023.lifestyle-wine-congress.com\/es\/#website"},"datePublished":"2023-05-24T12:21:31+00:00","dateModified":"2023-06-12T19:43:44+00:00","description":"Este congreso de categor\u00eda mundial reunir\u00e1 a cient\u00edficos internacionales y presentar\u00e1 las \u00faltimas investigaciones sobre los beneficios de un estilo de vida saludable.","inLanguage":"es","potentialAction":[{"@type":"ReadAction","target":["https:\/\/2023.lifestyle-wine-congress.com\/es\/programa\/"]}]},{"@type":"WebSite","@id":"https:\/\/2023.lifestyle-wine-congress.com\/es\/#website","url":"https:\/\/2023.lifestyle-wine-congress.com\/es\/","name":"Lifestyle Wine 2023","description":"Lifestyle and Wine","potentialAction":[{"@type":"SearchAction","target":{"@type":"EntryPoint","urlTemplate":"https:\/\/2023.lifestyle-wine-congress.com\/es\/?s={search_term_string}"},"query-input":"required name=search_term_string"}],"inLanguage":"es"}]}},"_links":{"self":[{"href":"https:\/\/2023.lifestyle-wine-congress.com\/es\/wp-json\/wp\/v2\/pages\/506","targetHints":{"allow":["GET"]}}],"collection":[{"href":"https:\/\/2023.lifestyle-wine-congress.com\/es\/wp-json\/wp\/v2\/pages"}],"about":[{"href":"https:\/\/2023.lifestyle-wine-congress.com\/es\/wp-json\/wp\/v2\/types\/page"}],"author":[{"embeddable":true,"href":"https:\/\/2023.lifestyle-wine-congress.com\/es\/wp-json\/wp\/v2\/users\/1"}],"replies":[{"embeddable":true,"href":"https:\/\/2023.lifestyle-wine-congress.com\/es\/wp-json\/wp\/v2\/comments?post=506"}],"version-history":[{"count":10,"href":"https:\/\/2023.lifestyle-wine-congress.com\/es\/wp-json\/wp\/v2\/pages\/506\/revisions"}],"predecessor-version":[{"id":900,"href":"https:\/\/2023.lifestyle-wine-congress.com\/es\/wp-json\/wp\/v2\/pages\/506\/revisions\/900"}],"wp:attachment":[{"href":"https:\/\/2023.lifestyle-wine-congress.com\/es\/wp-json\/wp\/v2\/media?parent=506"}],"curies":[{"name":"wp","href":"https:\/\/api.w.org\/{rel}","templated":true}]}}